{"id":108,"date":"2020-11-23T09:29:00","date_gmt":"2020-11-23T09:29:00","guid":{"rendered":"http:\/\/guillaume-ottaviani.com\/?page_id=108"},"modified":"2020-11-23T10:22:17","modified_gmt":"2020-11-23T10:22:17","slug":"debuter-a-la-basse","status":"publish","type":"page","link":"https:\/\/guillaume-ottaviani.com\/?page_id=108","title":{"rendered":"D\u00e9buter \u00e0 la basse"},"content":{"rendered":"<div id=\"pl-gb108-69d7d09c6b45e\"  class=\"panel-layout\" ><div id=\"pg-gb108-69d7d09c6b45e-0\"  class=\"panel-grid panel-no-style\" ><div id=\"pgc-gb108-69d7d09c6b45e-0-0\"  class=\"panel-grid-cell\" ><div id=\"panel-gb108-69d7d09c6b45e-0-0-0\" class=\"so-panel widget widget_sow-editor panel-first-child panel-last-child\" data-index=\"0\" ><div\n\t\t\t\n\t\t\tclass=\"so-widget-sow-editor so-widget-sow-editor-base\"\n\t\t\t\n\t\t>\n<div class=\"siteorigin-widget-tinymce textwidget\">\n\t<p>Destin\u00e9 aux d\u00e9butants, ce livre vous guidera dans l&#8217;apprentissage de la basse \u00e9lectrique. Il contient des exercices et morceaux pour bien d\u00e9buter, puis progresser dans diff\u00e9rents styles. Gr\u00e2ce aux deux disques\/mp3 fournis vous pourrez vous entra\u00eener \u00e0 jouer avec un groupe complet (batterie, guitare, clavier), ainsi qu&#8217;\u00e9couter les exercices avant de les travailler. Cet ouvrage propose une m\u00e9thode de travail progressive. Vous apprendrez les diff\u00e9rentes techniques une par une afin de permettre un apprentissage solide et sans lacunes. En se concentrant sur la pratique plut\u00f4t que la th\u00e9orie vous progresserez rapidement et parviendrez \u00e0 jouer vos premiers morceaux en quelques jours seulement.<\/p>\n<p><a href=\"https:\/\/www.amazon.fr\/D%C3%A9buter-%C3%A0-basse-M%C3%A9thode-d%C3%A9butant\/dp\/2955646407\">Acheter sur amazon.fr <\/a><\/p>\n<h1>T\u00e9l\u00e9charger les mp3s<\/h1>\n<p>Cliquez\u00a0<a href=\"http:\/\/guillaume-ottaviani.com\/wp-content\/uploads\/2020\/11\/Debuter-a-la-basseAudio-MP3s.zip\">ici<\/a> pour t\u00e9l\u00e9charger les mp3s.<\/p>\n<\/div>\n<\/div><\/div><\/div><div id=\"pgc-gb108-69d7d09c6b45e-0-1\"  class=\"panel-grid-cell\" ><div id=\"panel-gb108-69d7d09c6b45e-0-1-0\" class=\"so-panel widget widget_sow-image panel-first-child panel-last-child\" data-index=\"1\" ><div\n\t\t\t\n\t\t\tclass=\"so-widget-sow-image so-widget-sow-image-default-8b5b6f678277-108\"\n\t\t\t\n\t\t>\n<div class=\"sow-image-container\">\n\t\t<img \n\tsrc=\"https:\/\/guillaume-ottaviani.com\/wp-content\/uploads\/2020\/11\/Debuter-a-la-basse-cover.jpg\" width=\"387\" height=\"499\" srcset=\"https:\/\/guillaume-ottaviani.com\/wp-content\/uploads\/2020\/11\/Debuter-a-la-basse-cover.jpg 387w, https:\/\/guillaume-ottaviani.com\/wp-content\/uploads\/2020\/11\/Debuter-a-la-basse-cover-233x300.jpg 233w\" sizes=\"(max-width: 387px) 100vw, 387px\" title=\"D\u00e9buter \u00e0 la basse cover\" alt=\"\" \t\tclass=\"so-widget-image\"\/>\n\t<\/div>\n\n<\/div><\/div><\/div><\/div><\/div>","protected":false},"excerpt":{"rendered":"<p>Destin\u00e9 aux d\u00e9butants, ce livre vous guidera dans l&#8217;apprentissage de la basse \u00e9lectrique. Il contient des exercices et morceaux pour bien d\u00e9buter, puis progresser dans diff\u00e9rents styles. Gr\u00e2ce aux deux disques\/mp3 fournis vous pourrez vous entra\u00eener \u00e0 jouer avec un groupe complet (batterie, guitare, clavier), ainsi qu&#8217;\u00e9couter les exercices avant de les travailler. Cet ouvrage [&hellip;]<\/p>\n","protected":false},"author":1,"featured_media":0,"parent":0,"menu_order":0,"comment_status":"closed","ping_status":"closed","template":"","meta":{"footnotes":""},"class_list":["post-108","page","type-page","status-publish","hentry","post"],"_links":{"self":[{"href":"https:\/\/guillaume-ottaviani.com\/index.php?rest_route=\/wp\/v2\/pages\/108","targetHints":{"allow":["GET"]}}],"collection":[{"href":"https:\/\/guillaume-ottaviani.com\/index.php?rest_route=\/wp\/v2\/pages"}],"about":[{"href":"https:\/\/guillaume-ottaviani.com\/index.php?rest_route=\/wp\/v2\/types\/page"}],"author":[{"embeddable":true,"href":"https:\/\/guillaume-ottaviani.com\/index.php?rest_route=\/wp\/v2\/users\/1"}],"replies":[{"embeddable":true,"href":"https:\/\/guillaume-ottaviani.com\/index.php?rest_route=%2Fwp%2Fv2%2Fcomments&post=108"}],"version-history":[{"count":2,"href":"https:\/\/guillaume-ottaviani.com\/index.php?rest_route=\/wp\/v2\/pages\/108\/revisions"}],"predecessor-version":[{"id":129,"href":"https:\/\/guillaume-ottaviani.com\/index.php?rest_route=\/wp\/v2\/pages\/108\/revisions\/129"}],"wp:attachment":[{"href":"https:\/\/guillaume-ottaviani.com\/index.php?rest_route=%2Fwp%2Fv2%2Fmedia&parent=108"}],"curies":[{"name":"wp","href":"https:\/\/api.w.org\/{rel}","templated":true}]}}