{"id":114,"date":"2020-11-23T09:30:04","date_gmt":"2020-11-23T09:30:04","guid":{"rendered":"http:\/\/guillaume-ottaviani.com\/?page_id=114"},"modified":"2020-11-23T10:39:40","modified_gmt":"2020-11-23T10:39:40","slug":"la-basse-slap","status":"publish","type":"page","link":"https:\/\/guillaume-ottaviani.com\/?page_id=114","title":{"rendered":"La Basse Slap"},"content":{"rendered":"<div id=\"pl-gb114-69d7d0ad59a99\"  class=\"panel-layout\" ><div id=\"pg-gb114-69d7d0ad59a99-0\"  class=\"panel-grid panel-no-style\" ><div id=\"pgc-gb114-69d7d0ad59a99-0-0\"  class=\"panel-grid-cell\" ><div id=\"panel-gb114-69d7d0ad59a99-0-0-0\" class=\"so-panel widget widget_sow-editor panel-first-child panel-last-child\" data-index=\"0\" ><div\n\t\t\t\n\t\t\tclass=\"so-widget-sow-editor so-widget-sow-editor-base\"\n\t\t\t\n\t\t>\n<div class=\"siteorigin-widget-tinymce textwidget\">\n\t<p>Cette m\u00e9thode est destin\u00e9e aux bassistes qui souhaitent apprendre les bases et progresser dans le jeu en slap \u00e0 la basse \u00e9lectrique.<\/p>\n<p>Les techniques et concepts fondamentaux sont expliqu\u00e9s aux travers des 68 exercices ainsi que des 8 morceaux. T\u00e9l\u00e9chargez les pistes de batterie pour vous entrainer et cr\u00e9er vos propres lignes de basse (instructions pour t\u00e9l\u00e9chargement \u00e0 l&#8217;int\u00e9rieur du livre).<\/p>\n<p>Une vid\u00e9o de 45 minutes vous accompagnera en vous permettant de visualiser les exercices et morceaux de ce livre (lien pour la vid\u00e9o dans le livre).<\/p>\n<p>Cliquez <a href=\"https:\/\/www.amazon.fr\/dp\/2955646415\/ref=sr_1_15?ie=UTF8&amp;qid=1522492743&amp;sr=8-15&amp;keywords=la+basse+slap\" target=\"_blank\" rel=\"noopener noreferrer\">ici<\/a> pour acheter le livre sur amazon.fr<\/p>\n<\/div>\n<\/div><\/div><\/div><div id=\"pgc-gb114-69d7d0ad59a99-0-1\"  class=\"panel-grid-cell\" ><div id=\"panel-gb114-69d7d0ad59a99-0-1-0\" class=\"so-panel widget widget_sow-image panel-first-child panel-last-child\" data-index=\"1\" ><div\n\t\t\t\n\t\t\tclass=\"so-widget-sow-image so-widget-sow-image-default-8b5b6f678277-114\"\n\t\t\t\n\t\t>\n<div class=\"sow-image-container\">\n\t\t<img \n\tsrc=\"https:\/\/guillaume-ottaviani.com\/wp-content\/uploads\/2020\/11\/La-Bass-Slap-Cover.jpg\" width=\"459\" height=\"650\" srcset=\"https:\/\/guillaume-ottaviani.com\/wp-content\/uploads\/2020\/11\/La-Bass-Slap-Cover.jpg 459w, https:\/\/guillaume-ottaviani.com\/wp-content\/uploads\/2020\/11\/La-Bass-Slap-Cover-212x300.jpg 212w\" sizes=\"(max-width: 459px) 100vw, 459px\" title=\"La Bass Slap Cover\" alt=\"\" \t\tclass=\"so-widget-image\"\/>\n\t<\/div>\n\n<\/div><\/div><\/div><\/div><div id=\"pg-gb114-69d7d0ad59a99-1\"  class=\"panel-grid panel-no-style\" ><div id=\"pgc-gb114-69d7d0ad59a99-1-0\"  class=\"panel-grid-cell\" ><div id=\"panel-gb114-69d7d0ad59a99-1-0-0\" class=\"so-panel widget widget_sow-editor panel-first-child panel-last-child\" data-index=\"2\" ><div\n\t\t\t\n\t\t\tclass=\"so-widget-sow-editor so-widget-sow-editor-base\"\n\t\t\t\n\t\t><h3 class=\"widget-title\">Exercices et morceaux en videos<\/h3>\n<div class=\"siteorigin-widget-tinymce textwidget\">\n\t<\/div>\n<\/div><\/div><\/div><\/div><div id=\"pg-gb114-69d7d0ad59a99-2\"  class=\"panel-grid panel-no-style\" ><div id=\"pgc-gb114-69d7d0ad59a99-2-0\"  class=\"panel-grid-cell\" ><div id=\"panel-gb114-69d7d0ad59a99-2-0-0\" class=\"so-panel widget widget_sow-editor panel-first-child panel-last-child\" data-index=\"3\" ><div\n\t\t\t\n\t\t\tclass=\"so-widget-sow-editor so-widget-sow-editor-base\"\n\t\t\t\n\t\t><h3 class=\"widget-title\">Partie 1: exercices 1 \u00e0 17<\/h3>\n<div class=\"siteorigin-widget-tinymce textwidget\">\n\t<p><iframe loading=\"lazy\" width=\"560\" height=\"315\" src=\"https:\/\/www.youtube.com\/embed\/tLSNOkpHtcQ\" frameborder=\"0\" allow=\"accelerometer; autoplay; clipboard-write; encrypted-media; gyroscope; picture-in-picture\" allowfullscreen><\/iframe><\/p>\n<\/div>\n<\/div><\/div><\/div><div id=\"pgc-gb114-69d7d0ad59a99-2-1\"  class=\"panel-grid-cell\" ><div id=\"panel-gb114-69d7d0ad59a99-2-1-0\" class=\"so-panel widget widget_sow-editor panel-first-child panel-last-child\" data-index=\"4\" ><div\n\t\t\t\n\t\t\tclass=\"so-widget-sow-editor so-widget-sow-editor-base\"\n\t\t\t\n\t\t><h3 class=\"widget-title\">Partie 2: exercices 18 \u00e0 28, morceau 1<\/h3>\n<div class=\"siteorigin-widget-tinymce textwidget\">\n\t<p><iframe loading=\"lazy\" src=\"https:\/\/www.youtube.com\/embed\/Zr2sfzzD1nw\" width=\"560\" height=\"315\" frameborder=\"0\" allowfullscreen=\"allowfullscreen\"><\/iframe><\/p>\n<\/div>\n<\/div><\/div><\/div><div id=\"pgc-gb114-69d7d0ad59a99-2-2\"  class=\"panel-grid-cell\" ><div id=\"panel-gb114-69d7d0ad59a99-2-2-0\" class=\"so-panel widget widget_sow-editor panel-first-child panel-last-child\" data-index=\"5\" ><div\n\t\t\t\n\t\t\tclass=\"so-widget-sow-editor so-widget-sow-editor-base\"\n\t\t\t\n\t\t><h3 class=\"widget-title\">Partie 3: exercices 29 \u00e0 38, morceau 2<\/h3>\n<div class=\"siteorigin-widget-tinymce textwidget\">\n\t<p><iframe loading=\"lazy\" width=\"560\" height=\"315\" src=\"https:\/\/www.youtube.com\/embed\/ljKPNTZERBM\" frameborder=\"0\" allow=\"accelerometer; autoplay; clipboard-write; encrypted-media; gyroscope; picture-in-picture\" allowfullscreen><\/iframe><\/p>\n<\/div>\n<\/div><\/div><\/div><\/div><div id=\"pg-gb114-69d7d0ad59a99-3\"  class=\"panel-grid panel-no-style\" ><div id=\"pgc-gb114-69d7d0ad59a99-3-0\"  class=\"panel-grid-cell\" ><div id=\"panel-gb114-69d7d0ad59a99-3-0-0\" class=\"so-panel widget widget_sow-editor panel-first-child panel-last-child\" data-index=\"6\" ><div\n\t\t\t\n\t\t\tclass=\"so-widget-sow-editor so-widget-sow-editor-base\"\n\t\t\t\n\t\t><h3 class=\"widget-title\">Partie 4: exercices 39 \u00e0 51, morceaux 3 et 4<\/h3>\n<div class=\"siteorigin-widget-tinymce textwidget\">\n\t<p><iframe loading=\"lazy\" width=\"560\" height=\"315\" src=\"https:\/\/www.youtube.com\/embed\/40Y2zW2kYtM\" frameborder=\"0\" allow=\"accelerometer; autoplay; clipboard-write; encrypted-media; gyroscope; picture-in-picture\" allowfullscreen><\/iframe><\/p>\n<\/div>\n<\/div><\/div><\/div><div id=\"pgc-gb114-69d7d0ad59a99-3-1\"  class=\"panel-grid-cell\" ><div id=\"panel-gb114-69d7d0ad59a99-3-1-0\" class=\"so-panel widget widget_sow-editor panel-first-child panel-last-child\" data-index=\"7\" ><div\n\t\t\t\n\t\t\tclass=\"so-widget-sow-editor so-widget-sow-editor-base\"\n\t\t\t\n\t\t><h3 class=\"widget-title\">Partie 5: exercices 52 \u00e0 62, morceaux 5 et 6<\/h3>\n<div class=\"siteorigin-widget-tinymce textwidget\">\n\t<p><iframe loading=\"lazy\" width=\"560\" height=\"315\" src=\"https:\/\/www.youtube.com\/embed\/3aAnZfvclqY\" frameborder=\"0\" allow=\"accelerometer; autoplay; clipboard-write; encrypted-media; gyroscope; picture-in-picture\" allowfullscreen><\/iframe><\/p>\n<\/div>\n<\/div><\/div><\/div><div id=\"pgc-gb114-69d7d0ad59a99-3-2\"  class=\"panel-grid-cell\" ><div id=\"panel-gb114-69d7d0ad59a99-3-2-0\" class=\"so-panel widget widget_sow-editor panel-first-child panel-last-child\" data-index=\"8\" ><div\n\t\t\t\n\t\t\tclass=\"so-widget-sow-editor so-widget-sow-editor-base\"\n\t\t\t\n\t\t><h3 class=\"widget-title\">Exercices 63 \u00e0 68, morceaux 7 et 8<\/h3>\n<div class=\"siteorigin-widget-tinymce textwidget\">\n\t<p><iframe loading=\"lazy\" width=\"560\" height=\"315\" src=\"https:\/\/www.youtube.com\/embed\/2Gz3crfbXQI\" frameborder=\"0\" allow=\"accelerometer; autoplay; clipboard-write; encrypted-media; gyroscope; picture-in-picture\" allowfullscreen><\/iframe><\/p>\n<\/div>\n<\/div><\/div><\/div><\/div><\/div>","protected":false},"excerpt":{"rendered":"<p>Cette m\u00e9thode est destin\u00e9e aux bassistes qui souhaitent apprendre les bases et progresser dans le jeu en slap \u00e0 la basse \u00e9lectrique. Les techniques et concepts fondamentaux sont expliqu\u00e9s aux travers des 68 exercices ainsi que des 8 morceaux. T\u00e9l\u00e9chargez les pistes de batterie pour vous entrainer et cr\u00e9er vos propres lignes de basse (instructions [&hellip;]<\/p>\n","protected":false},"author":1,"featured_media":0,"parent":0,"menu_order":0,"comment_status":"closed","ping_status":"closed","template":"","meta":{"footnotes":""},"class_list":["post-114","page","type-page","status-publish","hentry","post"],"_links":{"self":[{"href":"https:\/\/guillaume-ottaviani.com\/index.php?rest_route=\/wp\/v2\/pages\/114","targetHints":{"allow":["GET"]}}],"collection":[{"href":"https:\/\/guillaume-ottaviani.com\/index.php?rest_route=\/wp\/v2\/pages"}],"about":[{"href":"https:\/\/guillaume-ottaviani.com\/index.php?rest_route=\/wp\/v2\/types\/page"}],"author":[{"embeddable":true,"href":"https:\/\/guillaume-ottaviani.com\/index.php?rest_route=\/wp\/v2\/users\/1"}],"replies":[{"embeddable":true,"href":"https:\/\/guillaume-ottaviani.com\/index.php?rest_route=%2Fwp%2Fv2%2Fcomments&post=114"}],"version-history":[{"count":3,"href":"https:\/\/guillaume-ottaviani.com\/index.php?rest_route=\/wp\/v2\/pages\/114\/revisions"}],"predecessor-version":[{"id":134,"href":"https:\/\/guillaume-ottaviani.com\/index.php?rest_route=\/wp\/v2\/pages\/114\/revisions\/134"}],"wp:attachment":[{"href":"https:\/\/guillaume-ottaviani.com\/index.php?rest_route=%2Fwp%2Fv2%2Fmedia&parent=114"}],"curies":[{"name":"wp","href":"https:\/\/api.w.org\/{rel}","templated":true}]}}